{"id":4606,"date":"2024-07-24T19:58:10","date_gmt":"2024-07-24T19:58:10","guid":{"rendered":"https:\/\/imaginefotos.com.br\/?post_type=product&#038;p=4606"},"modified":"2025-01-28T15:22:38","modified_gmt":"2025-01-28T15:22:38","slug":"album-classico-sintetico","status":"publish","type":"product","link":"https:\/\/imaginefotos.com.br\/es\/product\/album-classico-sintetico\/","title":{"rendered":"\u00c1lbum Cl\u00e1ssico Sint\u00e9tico"},"content":{"rendered":"","protected":false},"excerpt":{"rendered":"<p><span style=\"color: #808080;\"><strong>Informa\u00e7\u00f5es do produto:<br \/>\n<\/strong><\/span>\u00c1lbum cl\u00e1ssico sint\u00e9tico, revestido de courino.<\/p>\n<p>*Foto n\u00e3o inclusa<\/p>\n<p>Prazo de fabrica\u00e7\u00e3o <span style=\"color: #000000;\"><strong>8<\/strong><strong>\u00a0dias<\/strong><\/span> \u00dateis<\/p>","protected":false},"featured_media":0,"comment_status":"open","ping_status":"closed","template":"","meta":{"site-sidebar-layout":"default","site-content-layout":"","ast-site-content-layout":"default","site-content-style":"default","site-sidebar-style":"default","ast-global-header-display":"","ast-banner-title-visibility":"","ast-main-header-display":"","ast-hfb-above-header-display":"","ast-hfb-below-header-display":"","ast-hfb-mobile-header-display":"","site-post-title":"","ast-breadcrumbs-content":"","ast-featured-img":"","footer-sml-layout":"","theme-transparent-header-meta":"default","adv-header-id-meta":"","stick-header-meta":"","header-above-stick-meta":"","header-main-stick-meta":"","header-below-stick-meta":"","astra-migrate-meta-layouts":"set","ast-page-background-enabled":"default","ast-page-background-meta":{"desktop":{"background-color":"var(--ast-global-color-4)","background-image":"","background-repeat":"repeat","background-position":"center center","background-size":"auto","background-attachment":"scroll","background-type":"","background-media":"","overlay-type":"","overlay-color":"","overlay-opacity":"","overlay-gradient":""},"tablet":{"background-color":"","background-image":"","background-repeat":"repeat","background-position":"center center","background-size":"auto","background-attachment":"scroll","background-type":"","background-media":"","overlay-type":"","overlay-color":"","overlay-opacity":"","overlay-gradient":""},"mobile":{"background-color":"","background-image":"","background-repeat":"repeat","background-position":"center center","background-size":"auto","background-attachment":"scroll","background-type":"","background-media":"","overlay-type":"","overlay-color":"","overlay-opacity":"","overlay-gradient":""}},"ast-content-background-meta":{"desktop":{"background-color":"var(--ast-global-color-5)","background-image":"","background-repeat":"repeat","background-position":"center center","background-size":"auto","background-attachment":"scroll","background-type":"","background-media":"","overlay-type":"","overlay-color":"","overlay-opacity":"","overlay-gradient":""},"tablet":{"background-color":"var(--ast-global-color-5)","background-image":"","background-repeat":"repeat","background-position":"center center","background-size":"auto","background-attachment":"scroll","background-type":"","background-media":"","overlay-type":"","overlay-color":"","overlay-opacity":"","overlay-gradient":""},"mobile":{"background-color":"var(--ast-global-color-5)","background-image":"","background-repeat":"repeat","background-position":"center center","background-size":"auto","background-attachment":"scroll","background-type":"","background-media":"","overlay-type":"","overlay-color":"","overlay-opacity":"","overlay-gradient":""}}},"product_cat":[2427,16,1281],"product_tag":[],"class_list":{"0":"post-4606","1":"product","2":"type-product","3":"status-publish","5":"product_cat-album_classico","6":"product_cat-cat_fotolivros","7":"product_cat-linha_sintetica","8":"desktop-align-left","9":"tablet-align-left","10":"mobile-align-left","12":"first","13":"instock","14":"shipping-taxable","15":"purchasable","16":"product-type-variable","17":"rtwpvs-product"},"_links":{"self":[{"href":"https:\/\/imaginefotos.com.br\/es\/wp-json\/wp\/v2\/product\/4606","targetHints":{"allow":["GET"]}}],"collection":[{"href":"https:\/\/imaginefotos.com.br\/es\/wp-json\/wp\/v2\/product"}],"about":[{"href":"https:\/\/imaginefotos.com.br\/es\/wp-json\/wp\/v2\/types\/product"}],"replies":[{"embeddable":true,"href":"https:\/\/imaginefotos.com.br\/es\/wp-json\/wp\/v2\/comments?post=4606"}],"wp:attachment":[{"href":"https:\/\/imaginefotos.com.br\/es\/wp-json\/wp\/v2\/media?parent=4606"}],"wp:term":[{"taxonomy":"product_cat","embeddable":true,"href":"https:\/\/imaginefotos.com.br\/es\/wp-json\/wp\/v2\/product_cat?post=4606"},{"taxonomy":"product_tag","embeddable":true,"href":"https:\/\/imaginefotos.com.br\/es\/wp-json\/wp\/v2\/product_tag?post=4606"}],"curies":[{"name":"wp","href":"https:\/\/api.w.org\/{rel}","templated":true}]}}