{"id":947,"date":"2022-06-08T23:50:28","date_gmt":"2022-06-08T23:50:28","guid":{"rendered":"http:\/\/schlosserpro.com.br\/?post_type=product&#038;p=947"},"modified":"2026-01-10T01:17:58","modified_gmt":"2026-01-10T01:17:58","slug":"capa-sintetica-com-costura-pro","status":"publish","type":"product","link":"https:\/\/imaginefotos.com.br\/es\/product\/capa-sintetica-com-costura-pro\/","title":{"rendered":"Capa Sint\u00e9tica com Costura Pro"},"content":{"rendered":"<p><strong>Informa\u00e7\u00f5es do produto:<\/strong><\/p>\n<p>\u00c1lbum encadernado PRO<\/p>\n<p>Produzido em papel fotogr\u00e1fico, com cart\u00e3o importado de 360g entre as l\u00e2minas, proporcionando rigidez e resist\u00eancia ao seu \u00e1lbum com abertura de 180\u00b0.<\/p>\n<p>Acabamento: Capa revestida de tecido ou courino com costura.<\/p>\n<p>M\u00ednimo: 10 l\u00e2minas<\/p>\n<p>M\u00e1ximo: 50 l\u00e2minas<\/p>","protected":false},"excerpt":{"rendered":"<p>Informa\u00e7\u00f5es do produto: \u00c1lbum encadernado PRO Produzido em papel fotogr\u00e1fico, com cart\u00e3o importado de 360g entre as l\u00e2minas, proporcionando rigidez [&hellip;]<\/p>","protected":false},"featured_media":966,"comment_status":"open","ping_status":"closed","template":"","meta":{"site-sidebar-layout":"default","site-content-layout":"","ast-site-content-layout":"","site-content-style":"default","site-sidebar-style":"default","ast-global-header-display":"","ast-banner-title-visibility":"","ast-main-header-display":"","ast-hfb-above-header-display":"","ast-hfb-below-header-display":"","ast-hfb-mobile-header-display":"","site-post-title":"","ast-breadcrumbs-content":"","ast-featured-img":"","footer-sml-layout":"","theme-transparent-header-meta":"","adv-header-id-meta":"","stick-header-meta":"","header-above-stick-meta":"","header-main-stick-meta":"","header-below-stick-meta":"","astra-migrate-meta-layouts":"default","ast-page-background-enabled":"default","ast-page-background-meta":{"desktop":{"background-color":"var(--ast-global-color-4)","background-image":"","background-repeat":"repeat","background-position":"center center","background-size":"auto","background-attachment":"scroll","background-type":"","background-media":"","overlay-type":"","overlay-color":"","overlay-opacity":"","overlay-gradient":""},"tablet":{"background-color":"","background-image":"","background-repeat":"repeat","background-position":"center center","background-size":"auto","background-attachment":"scroll","background-type":"","background-media":"","overlay-type":"","overlay-color":"","overlay-opacity":"","overlay-gradient":""},"mobile":{"background-color":"","background-image":"","background-repeat":"repeat","background-position":"center center","background-size":"auto","background-attachment":"scroll","background-type":"","background-media":"","overlay-type":"","overlay-color":"","overlay-opacity":"","overlay-gradient":""}},"ast-content-background-meta":{"desktop":{"background-color":"var(--ast-global-color-5)","background-image":"","background-repeat":"repeat","background-position":"center center","background-size":"auto","background-attachment":"scroll","background-type":"","background-media":"","overlay-type":"","overlay-color":"","overlay-opacity":"","overlay-gradient":""},"tablet":{"background-color":"var(--ast-global-color-5)","background-image":"","background-repeat":"repeat","background-position":"center center","background-size":"auto","background-attachment":"scroll","background-type":"","background-media":"","overlay-type":"","overlay-color":"","overlay-opacity":"","overlay-gradient":""},"mobile":{"background-color":"var(--ast-global-color-5)","background-image":"","background-repeat":"repeat","background-position":"center center","background-size":"auto","background-attachment":"scroll","background-type":"","background-media":"","overlay-type":"","overlay-color":"","overlay-opacity":"","overlay-gradient":""}}},"product_cat":[15],"product_tag":[],"class_list":{"0":"post-947","1":"product","2":"type-product","3":"status-publish","4":"has-post-thumbnail","6":"product_cat-uncategorized","7":"desktop-align-left","8":"tablet-align-left","9":"mobile-align-left","11":"first","12":"instock","13":"shipping-taxable","14":"purchasable","15":"product-type-variable","16":"rtwpvs-product"},"_links":{"self":[{"href":"https:\/\/imaginefotos.com.br\/es\/wp-json\/wp\/v2\/product\/947","targetHints":{"allow":["GET"]}}],"collection":[{"href":"https:\/\/imaginefotos.com.br\/es\/wp-json\/wp\/v2\/product"}],"about":[{"href":"https:\/\/imaginefotos.com.br\/es\/wp-json\/wp\/v2\/types\/product"}],"replies":[{"embeddable":true,"href":"https:\/\/imaginefotos.com.br\/es\/wp-json\/wp\/v2\/comments?post=947"}],"wp:featuredmedia":[{"embeddable":true,"href":"https:\/\/imaginefotos.com.br\/es\/wp-json\/wp\/v2\/media\/966"}],"wp:attachment":[{"href":"https:\/\/imaginefotos.com.br\/es\/wp-json\/wp\/v2\/media?parent=947"}],"wp:term":[{"taxonomy":"product_cat","embeddable":true,"href":"https:\/\/imaginefotos.com.br\/es\/wp-json\/wp\/v2\/product_cat?post=947"},{"taxonomy":"product_tag","embeddable":true,"href":"https:\/\/imaginefotos.com.br\/es\/wp-json\/wp\/v2\/product_tag?post=947"}],"curies":[{"name":"wp","href":"https:\/\/api.w.org\/{rel}","templated":true}]}}